{"id":2023,"date":"2020-02-27T14:10:53","date_gmt":"2020-02-27T13:10:53","guid":{"rendered":"https:\/\/www.timeone.io\/mdp-editor\/"},"modified":"2020-04-02T15:50:16","modified_gmt":"2020-04-02T13:50:16","slug":"mdp-editor","status":"publish","type":"page","link":"https:\/\/www.timeone.io\/es\/mdp-editor\/","title":{"rendered":"MDP editor"},"content":{"rendered":"<p>[et_pb_section fb_built=\u00bb1&#8243; next_background_color=\u00bb#ffffff\u00bb _builder_version=\u00bb4.2.1&#8243; use_background_color_gradient=\u00bbon\u00bb background_color_gradient_start=\u00bb#ef8144&#8243; background_color_gradient_end=\u00bb#e0e0e0&#8243; background_color_gradient_direction=\u00bb171deg\u00bb background_color_gradient_start_position=\u00bb26%\u00bb custom_padding=\u00bb||57px|||\u00bb bottom_divider_style=\u00bbramp\u00bb bottom_divider_flip=\u00bbhorizontal\u00bb][et_pb_row column_structure=\u00bb1_2,1_2&#8243; _builder_version=\u00bb4.2.1&#8243; custom_padding=\u00bb||0px|||\u00bb][et_pb_column type=\u00bb1_2&#8243; _builder_version=\u00bb4.2.1&#8243;][et_pb_image src=\u00bbhttps:\/\/www.timeone.io\/wp-content\/uploads\/sites\/5\/2020\/01\/logo_timeone_blanc_png.png\u00bb _builder_version=\u00bb4.0.11&#8243; width=\u00bb43%\u00bb custom_margin=\u00bb-8px|||-8px||\u00bb][\/et_pb_image][et_pb_text _builder_version=\u00bb4.3.2&#8243; text_font=\u00bbOpen Sans|600|||||||\u00bb text_font_size=\u00bb16px\u00bb text_letter_spacing=\u00bb2px\u00bb text_line_height=\u00bb2em\u00bb header_font=\u00bbAmiko|700||on|||||\u00bb header_text_color=\u00bb#FFFFFF\u00bb header_font_size=\u00bb42px\u00bb header_line_height=\u00bb1.2em\u00bb header_6_font=\u00bb||||||||\u00bb max_width_last_edited=\u00bboff|desktop\u00bb module_alignment=\u00bbcenter\u00bb custom_margin=\u00bb|5px|20px||false|false\u00bb custom_padding=\u00bb|0px|0px||false|false\u00bb text_font_size_tablet=\u00bb\u00bb text_font_size_phone=\u00bb14px\u00bb text_font_size_last_edited=\u00bbon|desktop\u00bb header_font_size_tablet=\u00bb50px\u00bb header_font_size_phone=\u00bb32px\u00bb header_font_size_last_edited=\u00bbon|phone\u00bb locked=\u00bboff\u00bb]<\/p>\n<h1>con\u00e9ctese<\/h1>\n<p>[\/et_pb_text][et_pb_divider color=\u00bb#FFFFFF\u00bb divider_weight=\u00bb1px\u00bb _builder_version=\u00bb4.0.11&#8243; custom_margin=\u00bb-14px|-722px|8px|||\u00bb custom_padding=\u00bb||0px|||\u00bb][\/et_pb_divider][\/et_pb_column][et_pb_column type=\u00bb1_2&#8243; _builder_version=\u00bb4.2.1&#8243;][et_pb_button button_text=\u00bbcon\u00e9ctese\u00bb _builder_version=\u00bb4.3.2&#8243; custom_button=\u00bbon\u00bb button_text_color=\u00bb#EF8144&#8243; button_bg_color=\u00bb#FFFFFF\u00bb button_border_color=\u00bbrgba(0,0,0,0)\u00bb button_border_radius=\u00bb0px\u00bb button_font=\u00bb|600||on|||||\u00bb button_icon_color=\u00bb#ef8144&#8243; transform_scale=\u00bb116%|116%\u00bb transform_scale_tablet=\u00bb\u00bb transform_scale_phone=\u00bb\u00bb transform_scale_last_edited=\u00bbon|tablet\u00bb transform_scale_linked=\u00bboff\u00bb transform_translate=\u00bb207px|-76px\u00bb transform_translate_tablet=\u00bb393px|-292px\u00bb transform_translate_phone=\u00bb171px|-241px\u00bb transform_translate_last_edited=\u00bbon|phone\u00bb transform_translate_linked=\u00bboff\u00bb transform_rotate_tablet=\u00bb\u00bb transform_rotate_phone=\u00bb\u00bb transform_rotate_last_edited=\u00bbon|tablet\u00bb transform_skew_tablet=\u00bb\u00bb transform_skew_phone=\u00bb\u00bb transform_skew_last_edited=\u00bbon|tablet\u00bb transform_origin_tablet=\u00bb\u00bb transform_origin_phone=\u00bb\u00bb transform_origin_last_edited=\u00bbon|tablet\u00bb transform_styles_last_edited=\u00bbon|phone\u00bb background_layout=\u00bbdark\u00bb custom_padding=\u00bb13px|||||\u00bb transform_styles_tablet=\u00bb\u00bb transform_styles_phone=\u00bb\u00bb][\/et_pb_button][\/et_pb_column][\/et_pb_row][\/et_pb_section][et_pb_section fb_built=\u00bb1&#8243; _builder_version=\u00bb4.2.1&#8243;][et_pb_row disabled_on=\u00bbon|on|on\u00bb _builder_version=\u00bb4.3.2&#8243; disabled=\u00bbon\u00bb][et_pb_column type=\u00bb4_4&#8243; _builder_version=\u00bb4.2.1&#8243; custom_padding=\u00bb31px|36px|31px|36px|true|true\u00bb border_radii=\u00bbon|1px|1px|1px|1px\u00bb border_width_all=\u00bb1px\u00bb border_color_all=\u00bb#EF8144&#8243; border_width_top=\u00bb6px\u00bb][et_pb_text _builder_version=\u00bb4.2.1&#8243; text_font_size=\u00bb16px\u00bb]<\/p>\n<p class=\"intro\">Para recuperar su contrase\u00f1a, introduzca debajo la direcci\u00f3n de e-mail que ha utilizado para su inscripci\u00f3n.<\/p>\n<div class=\"clear\"><\/div>\n<p>[\/et_pb_text][et_pb_contact_form captcha=\u00bboff\u00bb submit_button_text=\u00bbENVIAR\u00bb _builder_version=\u00bb4.3.2&#8243; form_field_text_align=\u00bbleft\u00bb custom_button=\u00bbon\u00bb button_text_color=\u00bb#ffffff\u00bb button_bg_color=\u00bb#EF8144&#8243; button_font=\u00bb|||on|||||\u00bb button_custom_margin=\u00bb|0px|||false|false\u00bb module_alignment=\u00bbcenter\u00bb custom_margin=\u00bb|29px||||\u00bb][et_pb_contact_field field_id=\u00bbVOTRE_ADRESSE_MAIL\u00bb field_title=\u00bbTU EMAIL\u00bb fullwidth_field=\u00bbon\u00bb _builder_version=\u00bb4.2.1&#8243;][\/et_pb_contact_field][et_pb_contact_field field_id=\u00bbVOTRE_PLATEFORME\u00bb field_title=\u00bbTU PLATFORMA\u00bb field_type=\u00bbselect\u00bb select_options=\u00bb%91{%22value%22:%22AFFILIATION%22,%22checked%22:0,%22dragID%22:-1},{%22value%22:%22LEAD MANAGEMENT TECHNOLOGIE%22,%22checked%22:0,%22dragID%22:0}%93&#8243; fullwidth_field=\u00bbon\u00bb _builder_version=\u00bb4.3.2&#8243;][\/et_pb_contact_field][\/et_pb_contact_form][\/et_pb_column][\/et_pb_row][et_pb_row _builder_version=\u00bb4.3.2&#8243;][et_pb_column type=\u00bb4_4&#8243; _builder_version=\u00bb4.3.2&#8243;][et_pb_code _builder_version=\u00bb4.4.1&#8243; hover_enabled=\u00bb0&#8243;]<\/p>\n<style><!-- [et_pb_line_break_holder] -->    .et_pb_button_connection {<!-- [et_pb_line_break_holder] -->        color: #ffffff !important;<!-- [et_pb_line_break_holder] -->        text-transform: uppercase !important;<!-- [et_pb_line_break_holder] -->        background-color: #EF8144;<!-- [et_pb_line_break_holder] -->    }<!-- [et_pb_line_break_holder] --><!-- [et_pb_line_break_holder] -->    .et_pb_column_2 {<!-- [et_pb_line_break_holder] -->        border-radius: 1px 1px 1px 1px;<!-- [et_pb_line_break_holder] -->        overflow: hidden;<!-- [et_pb_line_break_holder] -->        border-width: 6px 1px 1px 1px;<!-- [et_pb_line_break_holder] -->        border-color: #EF8144;<!-- [et_pb_line_break_holder] -->        padding-top: 31px;<!-- [et_pb_line_break_holder] -->        padding-right: 36px;<!-- [et_pb_line_break_holder] -->        padding-bottom: 31px;<!-- [et_pb_line_break_holder] -->        padding-left: 36px;<!-- [et_pb_line_break_holder] -->    }<!-- [et_pb_line_break_holder] --><!-- [et_pb_line_break_holder] -->    .et_pb_text h2 {<!-- [et_pb_line_break_holder] -->        text-transform: uppercase;<!-- [et_pb_line_break_holder] -->        font-size: 18px;<!-- [et_pb_line_break_holder] -->        color: #000000 !important;<!-- [et_pb_line_break_holder] -->    }<!-- [et_pb_line_break_holder] --><\/style>\n<p><!-- [et_pb_line_break_holder] --><\/p>\n<div class=\"et_pb_with_border et_pb_column_4_4 et_pb_column et_pb_column_2  et_pb_css_mix_blend_mode_passthrough et-last-child\"><!-- [et_pb_line_break_holder] -->    <\/p>\n<div class=\"et_pb_module et_pb_text et_pb_text_1  et_pb_text_align_left et_pb_bg_layout_light\"><!-- [et_pb_line_break_holder] -->        <\/p>\n<div class=\"et_pb_text_inner\"><!-- [et_pb_line_break_holder] -->            <pee class=\"intro\"><!-- [et_pb_line_break_holder] -->                Para recuperar su contrase\u00f1a, introduzca debajo la direcci\u00f3n de e-mail que ha utilizado para su inscripci\u00f3n.<!-- [et_pb_line_break_holder] -->            <\/pee><!-- [et_pb_line_break_holder] -->        <\/div>\n<p><!-- [et_pb_line_break_holder] -->    <\/div>\n<p> <!-- .et_pb_text --><!-- [et_pb_line_break_holder] -->    <\/p>\n<div id=\"et_pb_contact_form_0\" class=\"et_pb_module et_pb_contact_form_0 clearfix\"<!-- [et_pb_line_break_holder] -->         data-form_unique_num=\u00bb0&#8243;><!-- [et_pb_line_break_holder] -->        <\/p>\n<div class=\"et-pb-contact-message\"><\/div>\n<p><!-- [et_pb_line_break_holder] -->        <\/p>\n<div class=\"et_pb_contact\"><!-- [et_pb_line_break_holder] -->            <\/p>\n<form class=\"et_pb_contact_form clearfix\" method=\"post\"<!-- [et_pb_line_break_holder] -->                  action=\u00bbhttps:\/\/connect.performance.timeone.io\/p\/tog\/resetAffPwd\/?lang=es_ES\u00bb><!-- [et_pb_line_break_holder] -->                <pee class=\"et_pb_contact_field et_pb_contact_field_0 et_pb_contact_field_last\"<!-- [et_pb_line_break_holder] -->                   data-id=\u00bbvotre_adresse_mail\u00bb data-type=\u00bbinput\u00bb><!-- [et_pb_line_break_holder] -->                    <label for=\"et_pb_contact_votre_adresse_mail_0\" class=\"et_pb_contact_form_label\">TU EMAIL<\/label><!-- [et_pb_line_break_holder] -->                    <input required type=\"text\" id=\"et_pb_contact_votre_adresse_mail_0\" class=\"input\" value=\"\"<!-- [et_pb_line_break_holder] -->                           name=\u00bbet_pb_contact_votre_adresse_mail_0&#8243; data-required_mark=\u00bbrequired\u00bb<!-- [et_pb_line_break_holder] -->                           data-field_type=\u00bbinput\u00bb data-original_id=\u00bbvotre_adresse_mail\u00bb<!-- [et_pb_line_break_holder] -->                           placeholder=\u00bbTU EMAIL\u00bb><!-- [et_pb_line_break_holder] -->                <\/pee><!-- [et_pb_line_break_holder] -->                <pee class=\"et_pb_contact_field et_pb_contact_field_1 et_pb_contact_field_last\" data-id=\"votre_plateforme\"<!-- [et_pb_line_break_holder] -->                   data-type=\u00bbselect\u00bb><!-- [et_pb_line_break_holder] -->                    <label for=\"et_pb_contact_votre_plateforme_0\" class=\"et_pb_contact_form_label\">TU PLATFORMA<\/label><!-- [et_pb_line_break_holder] -->                    <select required id=\"et_pb_contact_votre_plateforme_0\" class=\"et_pb_contact_select input\"<!-- [et_pb_line_break_holder] -->                            name=\u00bbet_pb_contact_votre_plateforme_0&#8243; data-required_mark=\u00bbrequired\u00bb<!-- [et_pb_line_break_holder] -->                            data-field_type=\u00bbselect\u00bb data-original_id=\u00bbvotre_plateforme\u00bb><!-- [et_pb_line_break_holder] --><option value=\"\">TU PLATFORMA<\/option><!-- [et_pb_line_break_holder] --><option selected value=\"pi\">AFFILIATION<\/option><!-- [et_pb_line_break_holder] --><option value=\"lmt\">LEAD MANAGEMENT TECHNOLOGIE<\/option><!-- [et_pb_line_break_holder] -->                    <\/select><!-- [et_pb_line_break_holder] -->                <\/pee><!-- [et_pb_line_break_holder] -->                <input type=\"hidden\" value=\"et_contact_proccess\" name=\"et_pb_contactform_submit_0\"><!-- [et_pb_line_break_holder] -->                <\/p>\n<div class=\"et_contact_bottom_container\"><!-- [et_pb_line_break_holder] -->                    <button type=\"submit\" name=\"et_builder_submit_button\" class=\"et_pb_contact_submit et_pb_button\"><!-- [et_pb_line_break_holder] -->                        ENVIAR<!-- [et_pb_line_break_holder] -->                    <\/button><!-- [et_pb_line_break_holder] -->                <\/div>\n<p><!-- [et_pb_line_break_holder] -->                <input type=\"hidden\" id=\"_wpnonce-et-pb-contact-form-submitted-0\"<!-- [et_pb_line_break_holder] -->                       name=\u00bb_wpnonce-et-pb-contact-form-submitted-0&#8243; value=\u00bbcb6b52faf8&#8243;><input type=\"hidden\"<!-- [et_pb_line_break_holder] -->                                                                                                name=\u00bb_wp_http_referer\u00bb<!-- [et_pb_line_break_holder] -->                                                                                                value=\u00bb\/recuperation-mot-de-passe-editeur\/\u00bb><!-- [et_pb_line_break_holder] -->            <\/form>\n<p><!-- [et_pb_line_break_holder] -->        <\/div>\n<p> <!-- .et_pb_contact --><!-- [et_pb_line_break_holder] -->    <\/div>\n<p> <!-- .et_pb_contact_form_container --><!-- [et_pb_line_break_holder] --><\/div>\n<p>[\/et_pb_code][\/et_pb_column][\/et_pb_row][\/et_pb_section]<\/p>\n","protected":false},"excerpt":{"rendered":"<p>con\u00e9ctesePara recuperar su contrase\u00f1a, introduzca debajo la direcci\u00f3n de e-mail que ha utilizado para su inscripci\u00f3n.<\/p>\n","protected":false},"author":6,"featured_media":0,"parent":0,"menu_order":0,"comment_status":"closed","ping_status":"closed","template":"","meta":{"_et_pb_use_builder":"on","_et_pb_old_content":"","_et_gb_content_width":"","footnotes":""},"class_list":["post-2023","page","type-page","status-publish","hentry"],"yoast_head":"<!-- This site is optimized with the Yoast SEO plugin v26.8 - https:\/\/yoast.com\/product\/yoast-seo-wordpress\/ -->\n<title>MDP editor - TimeOne<\/title>\n<meta name=\"robots\" content=\"noindex, follow, max-snippet:-1, max-image-preview:large, max-video-preview:-1\" \/>\n<meta property=\"og:locale\" content=\"es_ES\" \/>\n<meta property=\"og:type\" content=\"article\" \/>\n<meta property=\"og:title\" content=\"MDP editor - TimeOne\" \/>\n<meta property=\"og:description\" content=\"con\u00e9ctesePara recuperar su contrase\u00f1a, introduzca debajo la direcci\u00f3n de e-mail que ha utilizado para su inscripci\u00f3n.\" \/>\n<meta property=\"og:url\" content=\"https:\/\/www.timeone.io\/es\/mdp-editor\/\" \/>\n<meta property=\"og:site_name\" content=\"TimeOne\" \/>\n<meta property=\"article:modified_time\" content=\"2020-04-02T13:50:16+00:00\" \/>\n<meta name=\"twitter:card\" content=\"summary_large_image\" \/>\n<meta name=\"twitter:label1\" content=\"Tiempo de lectura\" \/>\n\t<meta name=\"twitter:data1\" content=\"3 minutos\" \/>\n<script type=\"application\/ld+json\" class=\"yoast-schema-graph\">{\"@context\":\"https:\/\/schema.org\",\"@graph\":[{\"@type\":\"WebPage\",\"@id\":\"https:\/\/www.timeone.io\/es\/mdp-editor\/\",\"url\":\"https:\/\/www.timeone.io\/es\/mdp-editor\/\",\"name\":\"MDP editor - TimeOne\",\"isPartOf\":{\"@id\":\"https:\/\/www.timeone.io\/es\/#website\"},\"datePublished\":\"2020-02-27T13:10:53+00:00\",\"dateModified\":\"2020-04-02T13:50:16+00:00\",\"breadcrumb\":{\"@id\":\"https:\/\/www.timeone.io\/es\/mdp-editor\/#breadcrumb\"},\"inLanguage\":\"es\",\"potentialAction\":[{\"@type\":\"ReadAction\",\"target\":[\"https:\/\/www.timeone.io\/es\/mdp-editor\/\"]}]},{\"@type\":\"BreadcrumbList\",\"@id\":\"https:\/\/www.timeone.io\/es\/mdp-editor\/#breadcrumb\",\"itemListElement\":[{\"@type\":\"ListItem\",\"position\":1,\"name\":\"Accueil\",\"item\":\"https:\/\/www.timeone.io\/es\/\"},{\"@type\":\"ListItem\",\"position\":2,\"name\":\"MDP editor\"}]},{\"@type\":\"WebSite\",\"@id\":\"https:\/\/www.timeone.io\/es\/#website\",\"url\":\"https:\/\/www.timeone.io\/es\/\",\"name\":\"TimeOne\",\"description\":\"TimeOne, votre partenaire performance marketing et affiliation !\",\"potentialAction\":[{\"@type\":\"SearchAction\",\"target\":{\"@type\":\"EntryPoint\",\"urlTemplate\":\"https:\/\/www.timeone.io\/es\/?s={search_term_string}\"},\"query-input\":{\"@type\":\"PropertyValueSpecification\",\"valueRequired\":true,\"valueName\":\"search_term_string\"}}],\"inLanguage\":\"es\"}]}<\/script>\n<!-- \/ Yoast SEO plugin. -->","yoast_head_json":{"title":"MDP editor - TimeOne","robots":{"index":"noindex","follow":"follow","max-snippet":"max-snippet:-1","max-image-preview":"max-image-preview:large","max-video-preview":"max-video-preview:-1"},"og_locale":"es_ES","og_type":"article","og_title":"MDP editor - TimeOne","og_description":"con\u00e9ctesePara recuperar su contrase\u00f1a, introduzca debajo la direcci\u00f3n de e-mail que ha utilizado para su inscripci\u00f3n.","og_url":"https:\/\/www.timeone.io\/es\/mdp-editor\/","og_site_name":"TimeOne","article_modified_time":"2020-04-02T13:50:16+00:00","twitter_card":"summary_large_image","twitter_misc":{"Tiempo de lectura":"3 minutos"},"schema":{"@context":"https:\/\/schema.org","@graph":[{"@type":"WebPage","@id":"https:\/\/www.timeone.io\/es\/mdp-editor\/","url":"https:\/\/www.timeone.io\/es\/mdp-editor\/","name":"MDP editor - TimeOne","isPartOf":{"@id":"https:\/\/www.timeone.io\/es\/#website"},"datePublished":"2020-02-27T13:10:53+00:00","dateModified":"2020-04-02T13:50:16+00:00","breadcrumb":{"@id":"https:\/\/www.timeone.io\/es\/mdp-editor\/#breadcrumb"},"inLanguage":"es","potentialAction":[{"@type":"ReadAction","target":["https:\/\/www.timeone.io\/es\/mdp-editor\/"]}]},{"@type":"BreadcrumbList","@id":"https:\/\/www.timeone.io\/es\/mdp-editor\/#breadcrumb","itemListElement":[{"@type":"ListItem","position":1,"name":"Accueil","item":"https:\/\/www.timeone.io\/es\/"},{"@type":"ListItem","position":2,"name":"MDP editor"}]},{"@type":"WebSite","@id":"https:\/\/www.timeone.io\/es\/#website","url":"https:\/\/www.timeone.io\/es\/","name":"TimeOne","description":"TimeOne, votre partenaire performance marketing et affiliation !","potentialAction":[{"@type":"SearchAction","target":{"@type":"EntryPoint","urlTemplate":"https:\/\/www.timeone.io\/es\/?s={search_term_string}"},"query-input":{"@type":"PropertyValueSpecification","valueRequired":true,"valueName":"search_term_string"}}],"inLanguage":"es"}]}},"_links":{"self":[{"href":"https:\/\/www.timeone.io\/es\/wp-json\/wp\/v2\/pages\/2023","targetHints":{"allow":["GET"]}}],"collection":[{"href":"https:\/\/www.timeone.io\/es\/wp-json\/wp\/v2\/pages"}],"about":[{"href":"https:\/\/www.timeone.io\/es\/wp-json\/wp\/v2\/types\/page"}],"author":[{"embeddable":true,"href":"https:\/\/www.timeone.io\/es\/wp-json\/wp\/v2\/users\/6"}],"replies":[{"embeddable":true,"href":"https:\/\/www.timeone.io\/es\/wp-json\/wp\/v2\/comments?post=2023"}],"version-history":[{"count":0,"href":"https:\/\/www.timeone.io\/es\/wp-json\/wp\/v2\/pages\/2023\/revisions"}],"wp:attachment":[{"href":"https:\/\/www.timeone.io\/es\/wp-json\/wp\/v2\/media?parent=2023"}],"curies":[{"name":"wp","href":"https:\/\/api.w.org\/{rel}","templated":true}]}}